{"id":10,"date":"2012-10-07T16:46:11","date_gmt":"2012-10-07T16:46:11","guid":{"rendered":"http:\/\/www.zendohirondelles.ch\/?page_id=10"},"modified":"2024-04-29T18:30:48","modified_gmt":"2024-04-29T18:30:48","slug":"programme","status":"publish","type":"page","link":"https:\/\/www.zendohirondelles.ch\/?page_id=10","title":{"rendered":"Programme"},"content":{"rendered":"<p><strong>M\u00e9ditation hebdomadaire dans l&rsquo;Espace Maurice Zundel \u00e0 Lausanne: <\/strong><\/p>\n<p>Tous les jeudis, du 25 avril au 27 juin 2024, de 11h45 \u00e0 12h45<\/p>\n<p>Les 16 et 30 mai\/13 et 27 juin 2024, de 17h30 \u00e0 19h.<\/p>\n<p>Deux m\u00e9ditations de 25&prime;, s\u00e9par\u00e9es par une marche m\u00e9ditative (kinhin). En fin d&rsquo;apr\u00e8s-midi, partage d&rsquo;une tasse de th\u00e9 ou tisane apr\u00e8s la 2e m\u00e9ditation<\/p>\n<p>Pour y participer, indispensable de nous contacter au pr\u00e9alable.<\/p>\n","protected":false},"excerpt":{"rendered":"<p>M\u00e9ditation hebdomadaire dans l&rsquo;Espace Maurice Zundel \u00e0 Lausanne: Tous les jeudis, du 25 avril au 27 juin 2024, de 11h45 \u00e0 12h45 Les 16 et 30 mai\/13 et 27 juin 2024, de 17h30 \u00e0 19h&#8230;.<\/p>\n","protected":false},"author":1,"featured_media":0,"parent":0,"menu_order":0,"comment_status":"closed","ping_status":"open","template":"","meta":{"footnotes":""},"class_list":["post-10","page","type-page","status-publish","hentry"],"_links":{"self":[{"href":"https:\/\/www.zendohirondelles.ch\/index.php?rest_route=\/wp\/v2\/pages\/10","targetHints":{"allow":["GET"]}}],"collection":[{"href":"https:\/\/www.zendohirondelles.ch\/index.php?rest_route=\/wp\/v2\/pages"}],"about":[{"href":"https:\/\/www.zendohirondelles.ch\/index.php?rest_route=\/wp\/v2\/types\/page"}],"author":[{"embeddable":true,"href":"https:\/\/www.zendohirondelles.ch\/index.php?rest_route=\/wp\/v2\/users\/1"}],"replies":[{"embeddable":true,"href":"https:\/\/www.zendohirondelles.ch\/index.php?rest_route=%2Fwp%2Fv2%2Fcomments&post=10"}],"version-history":[{"count":16,"href":"https:\/\/www.zendohirondelles.ch\/index.php?rest_route=\/wp\/v2\/pages\/10\/revisions"}],"predecessor-version":[{"id":1533,"href":"https:\/\/www.zendohirondelles.ch\/index.php?rest_route=\/wp\/v2\/pages\/10\/revisions\/1533"}],"wp:attachment":[{"href":"https:\/\/www.zendohirondelles.ch\/index.php?rest_route=%2Fwp%2Fv2%2Fmedia&parent=10"}],"curies":[{"name":"wp","href":"https:\/\/api.w.org\/{rel}","templated":true}]}}