{"id":33,"date":"2012-10-10T15:28:25","date_gmt":"2012-10-10T15:28:25","guid":{"rendered":"http:\/\/www.zendohirondelles.ch\/?page_id=33"},"modified":"2024-04-30T06:23:06","modified_gmt":"2024-04-30T06:23:06","slug":"ou-sommes-nous","status":"publish","type":"page","link":"https:\/\/www.zendohirondelles.ch\/?page_id=33","title":{"rendered":"O\u00f9 sommes-nous?"},"content":{"rendered":"<p>Nous habitons une petite ville dans la partie francophone de la Suisse, \u00e0 Aigle.<\/p>\n<p>Notre adresse: avenue Veillon 3, CH-1860 Aigle.<\/p>\n<p>Nous avons d\u00e9m\u00e9nag\u00e9. Notre mini zendo \u00e0 Aigle n&rsquo;existe donc plus. Cependant, nos activit\u00e9s vont petit \u00e0 petit se d\u00e9placer \u00e0 Lausanne, dans l&rsquo;<a href=\"https:\/\/www.cath-vd.ch\/espace-maurice-zundel\/\">Espace Maurice Zundel<\/a> (EMZ)<\/p>\n<p>Nous contacter? <a title=\"Contact\" href=\"http:\/\/www.zendohirondelles.ch\/?page_id=117\">Ici<\/a>.<\/p>\n<p><iframe loading=\"lazy\" src=\"http:\/\/maps.google.ch\/maps?hl=en-CH&amp;gbv=2&amp;ie=UTF8&amp;q=zendo+hirondelles&amp;fb=1&amp;gl=ch&amp;hq=zendo+hirondelles&amp;hnear=0x478e8332d1207ea7:0x8fe844b93297ec7f,Vevey&amp;cid=0,0,2493356590067300726&amp;ll=46.316177,6.975&amp;spn=0.006295,0.006295&amp;t=m&amp;output=embed\" width=\"425\" height=\"350\" frameborder=\"0\" marginwidth=\"0\" marginheight=\"0\" scrolling=\"no\"><\/iframe><br \/>\n<small><a style=\"color: #0000ff; text-align: left;\" href=\"http:\/\/maps.google.ch\/maps?hl=en-CH&amp;gbv=2&amp;ie=UTF8&amp;q=zendo+hirondelles&amp;fb=1&amp;gl=ch&amp;hq=zendo+hirondelles&amp;hnear=0x478e8332d1207ea7:0x8fe844b93297ec7f,Vevey&amp;cid=0,0,2493356590067300726&amp;ll=46.316177,6.975&amp;spn=0.006295,0.006295&amp;t=m&amp;source=embed\">View Larger Map<\/a><\/small><\/p>\n","protected":false},"excerpt":{"rendered":"<p>Nous habitons une petite ville dans la partie francophone de la Suisse, \u00e0 Aigle. Notre adresse: avenue Veillon 3, CH-1860 Aigle. Nous avons d\u00e9m\u00e9nag\u00e9. Notre mini zendo \u00e0 Aigle n&rsquo;existe donc plus. Cependant, nos activit\u00e9s&#8230;<\/p>\n","protected":false},"author":1,"featured_media":0,"parent":0,"menu_order":0,"comment_status":"closed","ping_status":"open","template":"","meta":{"footnotes":""},"class_list":["post-33","page","type-page","status-publish","hentry"],"_links":{"self":[{"href":"https:\/\/www.zendohirondelles.ch\/index.php?rest_route=\/wp\/v2\/pages\/33","targetHints":{"allow":["GET"]}}],"collection":[{"href":"https:\/\/www.zendohirondelles.ch\/index.php?rest_route=\/wp\/v2\/pages"}],"about":[{"href":"https:\/\/www.zendohirondelles.ch\/index.php?rest_route=\/wp\/v2\/types\/page"}],"author":[{"embeddable":true,"href":"https:\/\/www.zendohirondelles.ch\/index.php?rest_route=\/wp\/v2\/users\/1"}],"replies":[{"embeddable":true,"href":"https:\/\/www.zendohirondelles.ch\/index.php?rest_route=%2Fwp%2Fv2%2Fcomments&post=33"}],"version-history":[{"count":16,"href":"https:\/\/www.zendohirondelles.ch\/index.php?rest_route=\/wp\/v2\/pages\/33\/revisions"}],"predecessor-version":[{"id":1551,"href":"https:\/\/www.zendohirondelles.ch\/index.php?rest_route=\/wp\/v2\/pages\/33\/revisions\/1551"}],"wp:attachment":[{"href":"https:\/\/www.zendohirondelles.ch\/index.php?rest_route=%2Fwp%2Fv2%2Fmedia&parent=33"}],"curies":[{"name":"wp","href":"https:\/\/api.w.org\/{rel}","templated":true}]}}