{"id":738,"date":"2016-02-28T14:09:27","date_gmt":"2016-02-28T14:09:27","guid":{"rendered":"http:\/\/www.zendohirondelles.ch\/?page_id=738"},"modified":"2024-04-29T18:14:01","modified_gmt":"2024-04-29T18:14:01","slug":"les-entretiens","status":"publish","type":"page","link":"https:\/\/www.zendohirondelles.ch\/?page_id=738","title":{"rendered":"Les entretiens."},"content":{"rendered":"<p><b>Les entretiens.<\/b><\/p>\n<p>Les participantEs \u00e0 la m\u00e9ditation zen propos\u00e9e par Andr\u00e9 et Josiane peuvent, si ils\/elles le souhaitent, avoir un entretien priv\u00e9 avec Andr\u00e9, \u00e0 propos d&rsquo;une question qui interpelle. La demande doit en \u00eatre faite au plus tard avant la premi\u00e8re m\u00e9ditation.<\/p>\n<p>Andr\u00e9<\/p>\n","protected":false},"excerpt":{"rendered":"<p>Les entretiens. Les participantEs \u00e0 la m\u00e9ditation zen propos\u00e9e par Andr\u00e9 et Josiane peuvent, si ils\/elles le souhaitent, avoir un entretien priv\u00e9 avec Andr\u00e9, \u00e0 propos d&rsquo;une question qui interpelle. La demande doit en \u00eatre&#8230;<\/p>\n","protected":false},"author":1,"featured_media":0,"parent":0,"menu_order":0,"comment_status":"open","ping_status":"open","template":"","meta":{"footnotes":""},"class_list":["post-738","page","type-page","status-publish","hentry"],"_links":{"self":[{"href":"https:\/\/www.zendohirondelles.ch\/index.php?rest_route=\/wp\/v2\/pages\/738","targetHints":{"allow":["GET"]}}],"collection":[{"href":"https:\/\/www.zendohirondelles.ch\/index.php?rest_route=\/wp\/v2\/pages"}],"about":[{"href":"https:\/\/www.zendohirondelles.ch\/index.php?rest_route=\/wp\/v2\/types\/page"}],"author":[{"embeddable":true,"href":"https:\/\/www.zendohirondelles.ch\/index.php?rest_route=\/wp\/v2\/users\/1"}],"replies":[{"embeddable":true,"href":"https:\/\/www.zendohirondelles.ch\/index.php?rest_route=%2Fwp%2Fv2%2Fcomments&post=738"}],"version-history":[{"count":6,"href":"https:\/\/www.zendohirondelles.ch\/index.php?rest_route=\/wp\/v2\/pages\/738\/revisions"}],"predecessor-version":[{"id":1529,"href":"https:\/\/www.zendohirondelles.ch\/index.php?rest_route=\/wp\/v2\/pages\/738\/revisions\/1529"}],"wp:attachment":[{"href":"https:\/\/www.zendohirondelles.ch\/index.php?rest_route=%2Fwp%2Fv2%2Fmedia&parent=738"}],"curies":[{"name":"wp","href":"https:\/\/api.w.org\/{rel}","templated":true}]}}