{"id":94,"date":"2012-12-12T19:18:53","date_gmt":"2012-12-12T19:18:53","guid":{"rendered":"http:\/\/www.zendohirondelles.ch\/?page_id=94"},"modified":"2025-10-21T08:17:16","modified_gmt":"2025-10-21T08:17:16","slug":"bienvenue","status":"publish","type":"page","link":"https:\/\/www.zendohirondelles.ch\/","title":{"rendered":"Bienvenue au Zendo Hirondelles"},"content":{"rendered":"\n<p>Pratiquant le zen rinza\u00ef depuis de tr\u00e8s nombreuses ann\u00e9es, avec comme ma\u00eetres Bunry\u00f4 Yamada Roshi, Eizan Goto Roshi, actuel p\u00e8re-abb\u00e9 du Ryutakuji au Japon, et Jacques Breton, qui a fond\u00e9 le centre Assise pr\u00e8s de Paris, et Bernard Sen\u00e9cal, pr\u00eatre j\u00e9suite vivant en Cor\u00e9e, je suis \u00e0 m\u00eame aujourd&rsquo;hui, avec l&rsquo;aide de mon \u00e9pouse Josiane, d&rsquo;offrir un lieu de m\u00e9ditation dans l&rsquo;Espace Maurice Zundel \u00e0 Lausanne. Des m\u00e9ditations hebdomadaires sont organis\u00e9es, ainsi qu&rsquo;une journ\u00e9e zazenka\u00ef.<\/p>\n\n\n\n<p>Si ce modeste site peut d\u00e9j\u00e0 apporter \u00e0 quelques-uns un tr\u00e8s l\u00e9ger souffle de vie, nous en serions tr\u00e8s heureux.<\/p>\n\n\n\n<p>Andr\u00e9<\/p>\n","protected":false},"excerpt":{"rendered":"<p>Pratiquant le zen rinza\u00ef depuis de tr\u00e8s nombreuses ann\u00e9es, avec comme ma\u00eetres Bunry\u00f4 Yamada Roshi, Eizan Goto Roshi, actuel p\u00e8re-abb\u00e9 du Ryutakuji au Japon, et Jacques Breton, qui a fond\u00e9 le centre Assise pr\u00e8s de&#8230;<\/p>\n","protected":false},"author":1,"featured_media":1379,"parent":0,"menu_order":0,"comment_status":"closed","ping_status":"open","template":"","meta":{"footnotes":""},"class_list":["post-94","page","type-page","status-publish","has-post-thumbnail","hentry"],"_links":{"self":[{"href":"https:\/\/www.zendohirondelles.ch\/index.php?rest_route=\/wp\/v2\/pages\/94","targetHints":{"allow":["GET"]}}],"collection":[{"href":"https:\/\/www.zendohirondelles.ch\/index.php?rest_route=\/wp\/v2\/pages"}],"about":[{"href":"https:\/\/www.zendohirondelles.ch\/index.php?rest_route=\/wp\/v2\/types\/page"}],"author":[{"embeddable":true,"href":"https:\/\/www.zendohirondelles.ch\/index.php?rest_route=\/wp\/v2\/users\/1"}],"replies":[{"embeddable":true,"href":"https:\/\/www.zendohirondelles.ch\/index.php?rest_route=%2Fwp%2Fv2%2Fcomments&post=94"}],"version-history":[{"count":17,"href":"https:\/\/www.zendohirondelles.ch\/index.php?rest_route=\/wp\/v2\/pages\/94\/revisions"}],"predecessor-version":[{"id":1583,"href":"https:\/\/www.zendohirondelles.ch\/index.php?rest_route=\/wp\/v2\/pages\/94\/revisions\/1583"}],"wp:featuredmedia":[{"embeddable":true,"href":"https:\/\/www.zendohirondelles.ch\/index.php?rest_route=\/wp\/v2\/media\/1379"}],"wp:attachment":[{"href":"https:\/\/www.zendohirondelles.ch\/index.php?rest_route=%2Fwp%2Fv2%2Fmedia&parent=94"}],"curies":[{"name":"wp","href":"https:\/\/api.w.org\/{rel}","templated":true}]}}